{"id":37,"date":"2013-10-30T12:16:59","date_gmt":"2013-10-30T10:16:59","guid":{"rendered":"http:\/\/komponistenklasse-sachsen-anhalt.de\/?page_id=37"},"modified":"2022-03-02T22:57:06","modified_gmt":"2022-03-02T20:57:06","slug":"impressum","status":"publish","type":"page","link":"https:\/\/komponistenklasse-sachsen-anhalt.de\/?page_id=37","title":{"rendered":"KONTAKT"},"content":{"rendered":"<p align=\"LEFT\">Komponistenklasse Sachsen-Anhalt e.V.<\/p>\n<p align=\"LEFT\">c\/o Bernhard Schneyer<br \/>\nBreiter Weg 110<br \/>\n39104 Magdeburg<\/p>\n<p align=\"LEFT\">E-Mail: schneyerbernhard[at]gmail.com<\/p>\n<hr \/>\n<p align=\"LEFT\">Haftungsausschluss und Copyright<\/p>\n<p align=\"LEFT\">Bernhard Schneyer und Thomas Kr\u00fcger aktualisieren und erg\u00e4nzen regelm\u00e4\u00dfig die hier angebotenen Inhalte. Eine Haftung oder Garantie f\u00fcr Vollst\u00e4ndigkeit, Richtigkeit und Aktualit\u00e4t kann nicht gew\u00e4hrt werden.<\/p>\n<p align=\"LEFT\">Bernhard Schneyer und Thomas Kr\u00fcger \u00fcbernehmen ebenfalls keine Haftung oder Garantie f\u00fcr Webseiten, die au\u00dferhalb der Domain <a href=\"http:\/\/www.komponistenklasse-sachsen-anhalt.de\">www.komponistenklasse-sachsen-anhalt.de<\/a> gespeichert sind.<\/p>\n<p align=\"LEFT\">Der Inhalt, die Struktur und Gestaltung der Internetpr\u00e4senz <a href=\"http:\/\/www.komponistenklasse-sachsen-anhalt.de\">www.komponistenklasse-sachsen-anhalt.de<\/a> sind urheberrechtlich gesch\u00fctzt. Auf den Webseiten der Domain zur Verf\u00fcgung gestellte Grafiken, Bildmaterialien, Texte, Textteile und Tabellen d\u00fcrfen weder ver\u00e4ndert und vervielf\u00e4ltigt noch an Dritte verteilt oder \u00fcbermittelt werden. Davon unber\u00fchrt bleiben Beitr\u00e4ge, die zu Informationszwecken weitergereicht werden. Unter Angabe der Quelle ist ein Zitieren ausdr\u00fccklich erw\u00fcnscht.<\/p>\n<p align=\"LEFT\">Auf <a href=\"http:\/\/www.komponistenklasse-sachsen-anhalt.de\">www.komponistenklasse-sachsen-anhalt.de<\/a> darf gelinkt werden, wenn die aufgerufene Seite alleiniger Inhalt des Browserfensters wird.<\/p>\n<p align=\"LEFT\">eingetragen beim Amtsgericht Stendal VR 1386<\/p>\n<p align=\"LEFT\">\u00a9 2009 Bernhard Schneyer, Deutschland. All rights reserved.<\/p>\n","protected":false},"excerpt":{"rendered":"<p>Komponistenklasse Sachsen-Anhalt e.V. c\/o Bernhard Schneyer Breiter Weg 110 39104 Magdeburg E-Mail: schneyerbernhard[at]gmail.com Haftungsausschluss und Copyright Bernhard Schneyer und Thomas Kr\u00fcger aktualisieren und erg\u00e4nzen regelm\u00e4\u00dfig die hier angebotenen Inhalte. Eine Haftung oder Garantie f\u00fcr Vollst\u00e4ndigkeit, Richtigkeit und Aktualit\u00e4t kann nicht gew\u00e4hrt werden. Bernhard Schneyer und Thomas Kr\u00fcger \u00fcbernehmen ebenfalls keine Haftung oder Garantie f\u00fcr Webseiten, [&hellip;]<\/p>\n","protected":false},"author":1,"featured_media":0,"parent":0,"menu_order":7,"comment_status":"closed","ping_status":"closed","template":"","meta":[],"_links":{"self":[{"href":"https:\/\/komponistenklasse-sachsen-anhalt.de\/index.php?rest_route=\/wp\/v2\/pages\/37"}],"collection":[{"href":"https:\/\/komponistenklasse-sachsen-anhalt.de\/index.php?rest_route=\/wp\/v2\/pages"}],"about":[{"href":"https:\/\/komponistenklasse-sachsen-anhalt.de\/index.php?rest_route=\/wp\/v2\/types\/page"}],"author":[{"embeddable":true,"href":"https:\/\/komponistenklasse-sachsen-anhalt.de\/index.php?rest_route=\/wp\/v2\/users\/1"}],"replies":[{"embeddable":true,"href":"https:\/\/komponistenklasse-sachsen-anhalt.de\/index.php?rest_route=%2Fwp%2Fv2%2Fcomments&post=37"}],"version-history":[{"count":9,"href":"https:\/\/komponistenklasse-sachsen-anhalt.de\/index.php?rest_route=\/wp\/v2\/pages\/37\/revisions"}],"predecessor-version":[{"id":518,"href":"https:\/\/komponistenklasse-sachsen-anhalt.de\/index.php?rest_route=\/wp\/v2\/pages\/37\/revisions\/518"}],"wp:attachment":[{"href":"https:\/\/komponistenklasse-sachsen-anhalt.de\/index.php?rest_route=%2Fwp%2Fv2%2Fmedia&parent=37"}],"curies":[{"name":"wp","href":"https:\/\/api.w.org\/{rel}","templated":true}]}}