{"id":86,"date":"2013-11-06T15:06:10","date_gmt":"2013-11-06T13:06:10","guid":{"rendered":"http:\/\/komponistenklasse-sachsen-anhalt.de\/?page_id=86"},"modified":"2022-03-02T22:57:57","modified_gmt":"2022-03-02T20:57:57","slug":"verein","status":"publish","type":"page","link":"https:\/\/komponistenklasse-sachsen-anhalt.de\/?page_id=86","title":{"rendered":"VEREIN"},"content":{"rendered":"<h6>VORSTAND<\/h6>\n<p>Bj\u00f6rn Marin, Vorsitzender<\/p>\n<p>Bernhard Schneyer, stv. Vorsitzender<\/p>\n<p>Dr. Bodo L\u00fcthke, Schatzmeister<\/p>\n<p>Dr. Saskia L\u00fcthke<\/p>\n<p>Christiane Behns<\/p>\n<hr \/>\n<h6>\u00a0MITGLIEDER<\/h6>\n<p>Der Verein hat zur Zeit 17 Mitglieder.<\/p>\n<hr \/>\n<h6>\u00a0RECHNUNGSPR\u00dcFER<\/h6>\n<p>Astrid Striese<\/p>\n<hr \/>\n<h6>\u00a0EHRENMITGLIEDER<\/h6>\n<p>Dr. Sigrid Hansen<\/p>\n<p>Dr. Helmut Keller<\/p>\n<hr \/>\n<p>Wenn Sie Mitglied werden wollen, senden Sie bitte einen formlosen Antrag per E-Mail an<\/p>\n<p>schneyerbernhard[at]gmail.com<\/p>\n<p>Der Jahresbeitrag betr\u00e4gt zur Zeit 30 EUR.<\/p>\n<p>Sch\u00fcler und Studenten zahlen einen erm\u00e4\u00dfigten Beitrag in H\u00f6he von 10 EUR.<\/p>\n","protected":false},"excerpt":{"rendered":"<p>VORSTAND Bj\u00f6rn Marin, Vorsitzender Bernhard Schneyer, stv. Vorsitzender Dr. Bodo L\u00fcthke, Schatzmeister Dr. Saskia L\u00fcthke Christiane Behns \u00a0MITGLIEDER Der Verein hat zur Zeit 17 Mitglieder. \u00a0RECHNUNGSPR\u00dcFER Astrid Striese \u00a0EHRENMITGLIEDER Dr. Sigrid Hansen Dr. Helmut Keller Wenn Sie Mitglied werden wollen, senden Sie bitte einen formlosen Antrag per E-Mail an schneyerbernhard[at]gmail.com Der Jahresbeitrag betr\u00e4gt zur Zeit [&hellip;]<\/p>\n","protected":false},"author":1,"featured_media":0,"parent":0,"menu_order":4,"comment_status":"closed","ping_status":"closed","template":"","meta":[],"_links":{"self":[{"href":"https:\/\/komponistenklasse-sachsen-anhalt.de\/index.php?rest_route=\/wp\/v2\/pages\/86"}],"collection":[{"href":"https:\/\/komponistenklasse-sachsen-anhalt.de\/index.php?rest_route=\/wp\/v2\/pages"}],"about":[{"href":"https:\/\/komponistenklasse-sachsen-anhalt.de\/index.php?rest_route=\/wp\/v2\/types\/page"}],"author":[{"embeddable":true,"href":"https:\/\/komponistenklasse-sachsen-anhalt.de\/index.php?rest_route=\/wp\/v2\/users\/1"}],"replies":[{"embeddable":true,"href":"https:\/\/komponistenklasse-sachsen-anhalt.de\/index.php?rest_route=%2Fwp%2Fv2%2Fcomments&post=86"}],"version-history":[{"count":12,"href":"https:\/\/komponistenklasse-sachsen-anhalt.de\/index.php?rest_route=\/wp\/v2\/pages\/86\/revisions"}],"predecessor-version":[{"id":520,"href":"https:\/\/komponistenklasse-sachsen-anhalt.de\/index.php?rest_route=\/wp\/v2\/pages\/86\/revisions\/520"}],"wp:attachment":[{"href":"https:\/\/komponistenklasse-sachsen-anhalt.de\/index.php?rest_route=%2Fwp%2Fv2%2Fmedia&parent=86"}],"curies":[{"name":"wp","href":"https:\/\/api.w.org\/{rel}","templated":true}]}}