{"id":95,"date":"2013-11-07T11:21:55","date_gmt":"2013-11-07T09:21:55","guid":{"rendered":"http:\/\/komponistenklasse-sachsen-anhalt.de\/?page_id=95"},"modified":"2022-03-02T22:57:44","modified_gmt":"2022-03-02T20:57:44","slug":"foerderer","status":"publish","type":"page","link":"https:\/\/komponistenklasse-sachsen-anhalt.de\/?page_id=95","title":{"rendered":"F\u00d6RDERER"},"content":{"rendered":"<h6>UNTERST\u00dcTZEN SIE UNS<\/h6>\n<p>Werden auch Sie F\u00f6rderer und unterst\u00fctzen Sie mit Ihrer Spende die Arbeit der Komponistenklasse Sachsen-Anhalt:<\/p>\n<p>Kontonr.: 3000011772<\/p>\n<p>BLZ: 810 53 272<\/p>\n<p>IBAN: DE21 8105 3272 3000 0117 72<\/p>\n<p>BIC: NOLADE21MDG<\/p>\n<p>Stadtsparkasse Magdeburg<\/p>\n<p>Senden Sie bitte anschlie\u00dfend eine E-Mail unter Angabe Ihres Namens und Ihrer Adresse an schneyerbernhard[at]gmail.com &#8211; wir senden Ihnen dann eine Spendenbescheinigung zu.<\/p>\n<h6><strong>DIE ARBEIT DER KOMPONISTENKLASSE SACHSEN-ANHALT WIRD UNTERST\u00dcTZT DURCH<\/strong><\/h6>\n<p><img loading=\"lazy\" width=\"300\" height=\"195\" class=\"alignleft size-medium wp-image-96\" src=\"http:\/\/komponistenklasse-sachsen-anhalt.de\/wp-content\/uploads\/2013\/11\/Kons-MD-LogoSZ-RZ-300x195.jpg\" alt=\"Konservatorium Georg Philipp Telemann Magdeburg\" srcset=\"https:\/\/komponistenklasse-sachsen-anhalt.de\/wp-content\/uploads\/2013\/11\/Kons-MD-LogoSZ-RZ-300x195.jpg 300w, https:\/\/komponistenklasse-sachsen-anhalt.de\/wp-content\/uploads\/2013\/11\/Kons-MD-LogoSZ-RZ-1024x666.jpg 1024w, https:\/\/komponistenklasse-sachsen-anhalt.de\/wp-content\/uploads\/2013\/11\/Kons-MD-LogoSZ-RZ-461x300.jpg 461w\" sizes=\"(max-width: 300px) 100vw, 300px\" \/><\/p>\n<p><img loading=\"lazy\" width=\"300\" height=\"160\" class=\"alignleft size-medium wp-image-465\" src=\"http:\/\/komponistenklasse-sachsen-anhalt.de\/wp-content\/uploads\/2013\/11\/Kompetenzzentrum-Magdeburg-300x160.png\" alt=\"Musikalisches Kompetenzzentrum Sachsen-Anhalt\" srcset=\"https:\/\/komponistenklasse-sachsen-anhalt.de\/wp-content\/uploads\/2013\/11\/Kompetenzzentrum-Magdeburg-300x160.png 300w, https:\/\/komponistenklasse-sachsen-anhalt.de\/wp-content\/uploads\/2013\/11\/Kompetenzzentrum-Magdeburg-500x266.png 500w, https:\/\/komponistenklasse-sachsen-anhalt.de\/wp-content\/uploads\/2013\/11\/Kompetenzzentrum-Magdeburg.png 667w\" sizes=\"(max-width: 300px) 100vw, 300px\" \/><\/p>\n","protected":false},"excerpt":{"rendered":"<p>UNTERST\u00dcTZEN SIE UNS Werden auch Sie F\u00f6rderer und unterst\u00fctzen Sie mit Ihrer Spende die Arbeit der Komponistenklasse Sachsen-Anhalt: Kontonr.: 3000011772 BLZ: 810 53 272 IBAN: DE21 8105 3272 3000 0117 72 BIC: NOLADE21MDG Stadtsparkasse Magdeburg Senden Sie bitte anschlie\u00dfend eine E-Mail unter Angabe Ihres Namens und Ihrer Adresse an schneyerbernhard[at]gmail.com &#8211; wir senden Ihnen dann [&hellip;]<\/p>\n","protected":false},"author":1,"featured_media":0,"parent":0,"menu_order":5,"comment_status":"closed","ping_status":"closed","template":"","meta":[],"_links":{"self":[{"href":"https:\/\/komponistenklasse-sachsen-anhalt.de\/index.php?rest_route=\/wp\/v2\/pages\/95"}],"collection":[{"href":"https:\/\/komponistenklasse-sachsen-anhalt.de\/index.php?rest_route=\/wp\/v2\/pages"}],"about":[{"href":"https:\/\/komponistenklasse-sachsen-anhalt.de\/index.php?rest_route=\/wp\/v2\/types\/page"}],"author":[{"embeddable":true,"href":"https:\/\/komponistenklasse-sachsen-anhalt.de\/index.php?rest_route=\/wp\/v2\/users\/1"}],"replies":[{"embeddable":true,"href":"https:\/\/komponistenklasse-sachsen-anhalt.de\/index.php?rest_route=%2Fwp%2Fv2%2Fcomments&post=95"}],"version-history":[{"count":12,"href":"https:\/\/komponistenklasse-sachsen-anhalt.de\/index.php?rest_route=\/wp\/v2\/pages\/95\/revisions"}],"predecessor-version":[{"id":519,"href":"https:\/\/komponistenklasse-sachsen-anhalt.de\/index.php?rest_route=\/wp\/v2\/pages\/95\/revisions\/519"}],"wp:attachment":[{"href":"https:\/\/komponistenklasse-sachsen-anhalt.de\/index.php?rest_route=%2Fwp%2Fv2%2Fmedia&parent=95"}],"curies":[{"name":"wp","href":"https:\/\/api.w.org\/{rel}","templated":true}]}}